{"id":76,"date":"2023-05-12T19:42:53","date_gmt":"2023-05-12T19:42:53","guid":{"rendered":"https:\/\/aischener-scouten.eu\/?page_id=76"},"modified":"2025-09-17T09:48:17","modified_gmt":"2025-09-17T09:48:17","slug":"avex","status":"publish","type":"page","link":"https:\/\/aischener-scouten.eu\/?page_id=76","title":{"rendered":"Avex"},"content":{"rendered":"\n<p class=\"has-medium-font-size\"><strong>Iwwert Avex:<\/strong> An den AvEx geet et dr\u00ebms fir \u00ebmmer m\u00e9i u Selbst\u00e4nnegkeet ze gewannen a fir sech an anerer Verantwortung ze iwwerhuelen. D\u00e9i Jugendlech ginn \u00ebmmer m\u00e9i an de Choix, d\u2019Organisatioun an d\u2019Ausf\u00e9ierung vun den Aktivit\u00e9iten agebonnen, getrei dem Motto vum Baden Powell \u201cAsk the boy\/girl\u201d. Och de Prinzip vum \u201clearning by doing\u201d g\u00ebtt an den AvEx groussgeschriwwen, well een doduerch \u00ebmmer r\u00ebm nei Saache l\u00e9iert an iwwert sech erauswuesse kann. Mir prob\u00e9ieren eis Versammlunge fir d\u00e9i Jugendlech sou flott ewei m\u00e9iglech ze gestalten, an dob\u00e4i steet Spaass un \u00e9ischter Stell. Och op Weekender, Sortien an um allj\u00e4erleche Summercamp erliewe mir onvergiesslech Momenter zesummen.<\/p>\n\n\n\n<p class=\"has-medium-font-size\"><strong>Alter:<\/strong> 11-14 Joer<\/p>\n\n\n\n<p class=\"has-medium-font-size\"><strong>Auerzeiten:<\/strong> Sa. 10:00-12:00<\/p>\n\n\n\n<p class=\"has-medium-font-size\"><strong>Branchenchef:<\/strong> Zo\u00eb Frenay<\/p>\n\n\n\n<p class=\"has-medium-font-size\"><strong>Cheffen:<\/strong> Felix Thies, Louis Schneider, Philippe Gasch\u00e9, Jo Arendt<\/p>\n\n\n\n<p class=\"has-medium-font-size\"><strong>Kontakt:<\/strong> <a href=\"https:\/\/ha02.panel-admin.de:8443\/smb\/email-address\/edit\/id\/82\">avex-chef@aischener-scouten.eu<\/a><\/p>\n\n\n\n<figure class=\"wp-block-image size-large is-resized\"><img loading=\"lazy\" decoding=\"async\" width=\"1024\" height=\"1024\" src=\"https:\/\/aischener-scouten.eu\/wp-content\/uploads\/2023\/03\/Avex_rgb-1024x1024.png\" alt=\"\" class=\"wp-image-44\" style=\"width:386px;height:386px\" srcset=\"https:\/\/aischener-scouten.eu\/wp-content\/uploads\/2023\/03\/Avex_rgb-1024x1024.png 1024w, https:\/\/aischener-scouten.eu\/wp-content\/uploads\/2023\/03\/Avex_rgb-300x300.png 300w, https:\/\/aischener-scouten.eu\/wp-content\/uploads\/2023\/03\/Avex_rgb-150x150.png 150w, https:\/\/aischener-scouten.eu\/wp-content\/uploads\/2023\/03\/Avex_rgb-768x768.png 768w, https:\/\/aischener-scouten.eu\/wp-content\/uploads\/2023\/03\/Avex_rgb-1536x1536.png 1536w, https:\/\/aischener-scouten.eu\/wp-content\/uploads\/2023\/03\/Avex_rgb-2048x2048.png 2048w, https:\/\/aischener-scouten.eu\/wp-content\/uploads\/2023\/03\/Avex_rgb-2000x2000.png 2000w\" sizes=\"auto, (max-width: 1024px) 100vw, 1024px\" \/><\/figure>\n\n\n\n<p class=\"has-medium-font-size\"><strong>Fotoen:<\/strong><\/p>\n\n\n\n<figure class=\"wp-block-gallery has-nested-images columns-default is-cropped wp-block-gallery-1 is-layout-flex wp-block-gallery-is-layout-flex\">\n<figure class=\"wp-block-image size-large\"><img loading=\"lazy\" decoding=\"async\" width=\"768\" height=\"1024\" data-id=\"151\" src=\"https:\/\/aischener-scouten.eu\/wp-content\/uploads\/2023\/09\/WhatsApp-Bild-2023-05-23-um-22.43.jpg\" alt=\"\" class=\"wp-image-151\" srcset=\"https:\/\/aischener-scouten.eu\/wp-content\/uploads\/2023\/09\/WhatsApp-Bild-2023-05-23-um-22.43.jpg 768w, https:\/\/aischener-scouten.eu\/wp-content\/uploads\/2023\/09\/WhatsApp-Bild-2023-05-23-um-22.43-225x300.jpg 225w\" sizes=\"auto, (max-width: 768px) 100vw, 768px\" \/><\/figure>\n\n\n\n<figure class=\"wp-block-image size-full\"><img loading=\"lazy\" decoding=\"async\" width=\"769\" height=\"1024\" data-id=\"156\" src=\"https:\/\/aischener-scouten.eu\/wp-content\/uploads\/2023\/09\/232131231241312.jpg\" alt=\"\" class=\"wp-image-156\" srcset=\"https:\/\/aischener-scouten.eu\/wp-content\/uploads\/2023\/09\/232131231241312.jpg 769w, https:\/\/aischener-scouten.eu\/wp-content\/uploads\/2023\/09\/232131231241312-225x300.jpg 225w\" sizes=\"auto, (max-width: 769px) 100vw, 769px\" \/><\/figure>\n\n\n\n<figure class=\"wp-block-image size-large is-style-default\"><img loading=\"lazy\" decoding=\"async\" width=\"769\" height=\"1024\" data-id=\"150\" src=\"https:\/\/aischener-scouten.eu\/wp-content\/uploads\/2023\/09\/WhatsApp-Bild-2023-05-23-um-22.43.09.jpg\" alt=\"\" class=\"wp-image-150\" srcset=\"https:\/\/aischener-scouten.eu\/wp-content\/uploads\/2023\/09\/WhatsApp-Bild-2023-05-23-um-22.43.09.jpg 769w, https:\/\/aischener-scouten.eu\/wp-content\/uploads\/2023\/09\/WhatsApp-Bild-2023-05-23-um-22.43.09-225x300.jpg 225w\" sizes=\"auto, (max-width: 769px) 100vw, 769px\" \/><\/figure>\n\n\n\n<figure class=\"wp-block-image size-large\"><img loading=\"lazy\" decoding=\"async\" width=\"769\" height=\"1024\" data-id=\"153\" src=\"https:\/\/aischener-scouten.eu\/wp-content\/uploads\/2023\/09\/WhatsApp-Bild-2023-05-23-um-22.43.0933.jpg\" alt=\"\" class=\"wp-image-153\" srcset=\"https:\/\/aischener-scouten.eu\/wp-content\/uploads\/2023\/09\/WhatsApp-Bild-2023-05-23-um-22.43.0933.jpg 769w, https:\/\/aischener-scouten.eu\/wp-content\/uploads\/2023\/09\/WhatsApp-Bild-2023-05-23-um-22.43.0933-225x300.jpg 225w\" sizes=\"auto, (max-width: 769px) 100vw, 769px\" \/><\/figure>\n\n\n\n<figure class=\"wp-block-image size-large\"><img loading=\"lazy\" decoding=\"async\" width=\"683\" height=\"1024\" data-id=\"157\" src=\"https:\/\/aischener-scouten.eu\/wp-content\/uploads\/2023\/09\/AM_5211-683x1024.jpg\" alt=\"\" class=\"wp-image-157\" srcset=\"https:\/\/aischener-scouten.eu\/wp-content\/uploads\/2023\/09\/AM_5211-683x1024.jpg 683w, https:\/\/aischener-scouten.eu\/wp-content\/uploads\/2023\/09\/AM_5211-200x300.jpg 200w, https:\/\/aischener-scouten.eu\/wp-content\/uploads\/2023\/09\/AM_5211-768x1152.jpg 768w, https:\/\/aischener-scouten.eu\/wp-content\/uploads\/2023\/09\/AM_5211-1024x1536.jpg 1024w, https:\/\/aischener-scouten.eu\/wp-content\/uploads\/2023\/09\/AM_5211-1365x2048.jpg 1365w, https:\/\/aischener-scouten.eu\/wp-content\/uploads\/2023\/09\/AM_5211-2000x3000.jpg 2000w, https:\/\/aischener-scouten.eu\/wp-content\/uploads\/2023\/09\/AM_5211-scaled.jpg 1707w\" sizes=\"auto, (max-width: 683px) 100vw, 683px\" \/><\/figure>\n\n\n\n<figure class=\"wp-block-image size-large\"><img loading=\"lazy\" decoding=\"async\" width=\"1024\" height=\"768\" data-id=\"155\" src=\"https:\/\/aischener-scouten.eu\/wp-content\/uploads\/2023\/09\/WhatsApp-Bild-2023-05-23-um3-22.43.10.jpg\" alt=\"\" class=\"wp-image-155\" srcset=\"https:\/\/aischener-scouten.eu\/wp-content\/uploads\/2023\/09\/WhatsApp-Bild-2023-05-23-um3-22.43.10.jpg 1024w, https:\/\/aischener-scouten.eu\/wp-content\/uploads\/2023\/09\/WhatsApp-Bild-2023-05-23-um3-22.43.10-300x225.jpg 300w, https:\/\/aischener-scouten.eu\/wp-content\/uploads\/2023\/09\/WhatsApp-Bild-2023-05-23-um3-22.43.10-768x576.jpg 768w\" sizes=\"auto, (max-width: 1024px) 100vw, 1024px\" \/><\/figure>\n<\/figure>\n","protected":false},"excerpt":{"rendered":"<p>Iwwert Avex: An den AvEx geet et dr\u00ebms fir \u00ebmmer m\u00e9i u Selbst\u00e4nnegkeet ze gewannen a fir sech an anerer Verantwortung ze iwwerhuelen. D\u00e9i Jugendlech ginn \u00ebmmer m\u00e9i an de Choix, d\u2019Organisatioun an d\u2019Ausf\u00e9ierung vun den Aktivit\u00e9iten agebonnen, getrei dem Motto vum Baden Powell \u201cAsk the boy\/girl\u201d. Och de Prinzip vum \u201clearning by doing\u201d g\u00ebtt &hellip; <\/p>\n<p class=\"link-more\"><a href=\"https:\/\/aischener-scouten.eu\/?page_id=76\" class=\"more-link\">Mehr <span class=\"screen-reader-text\">\u00fcber &#8222;Avex&#8220; <\/span>Lesen<\/a><\/p>\n","protected":false},"author":1,"featured_media":0,"parent":0,"menu_order":0,"comment_status":"closed","ping_status":"closed","template":"","meta":{"footnotes":""},"class_list":["post-76","page","type-page","status-publish","hentry"],"_links":{"self":[{"href":"https:\/\/aischener-scouten.eu\/index.php?rest_route=\/wp\/v2\/pages\/76","targetHints":{"allow":["GET"]}}],"collection":[{"href":"https:\/\/aischener-scouten.eu\/index.php?rest_route=\/wp\/v2\/pages"}],"about":[{"href":"https:\/\/aischener-scouten.eu\/index.php?rest_route=\/wp\/v2\/types\/page"}],"author":[{"embeddable":true,"href":"https:\/\/aischener-scouten.eu\/index.php?rest_route=\/wp\/v2\/users\/1"}],"replies":[{"embeddable":true,"href":"https:\/\/aischener-scouten.eu\/index.php?rest_route=%2Fwp%2Fv2%2Fcomments&post=76"}],"version-history":[{"count":8,"href":"https:\/\/aischener-scouten.eu\/index.php?rest_route=\/wp\/v2\/pages\/76\/revisions"}],"predecessor-version":[{"id":271,"href":"https:\/\/aischener-scouten.eu\/index.php?rest_route=\/wp\/v2\/pages\/76\/revisions\/271"}],"wp:attachment":[{"href":"https:\/\/aischener-scouten.eu\/index.php?rest_route=%2Fwp%2Fv2%2Fmedia&parent=76"}],"curies":[{"name":"wp","href":"https:\/\/api.w.org\/{rel}","templated":true}]}}