{"id":62,"date":"2023-05-12T19:22:59","date_gmt":"2023-05-12T19:22:59","guid":{"rendered":"https:\/\/aischener-scouten.eu\/?page_id=62"},"modified":"2025-09-17T09:50:58","modified_gmt":"2025-09-17T09:50:58","slug":"wellefcher","status":"publish","type":"page","link":"https:\/\/aischener-scouten.eu\/?page_id=62","title":{"rendered":"W\u00ebllefcher"},"content":{"rendered":"\n<p class=\"has-medium-font-size\"><strong>Iwwert<\/strong> <strong>W\u00ebllefcher:<\/strong> Si entdecken, fuerschen, l\u00e9ieren, schl\u00e9isse Fr\u00ebndschaften,\u2026.an dat alles bei eis an de Versammlungen. Mir maachen allerhand interessant Aktivit\u00e9iten, ginn zesummen op Sortien an op 2-3 Weekender. Den H\u00e9ichpunkt vum Scoutsjoer ass de Summercamp; dat ass \u00ebmmer e super Erliefnis. Do schlofe mir 4 Nuechten hei am Land an engem flotte Chalet. Nach m\u00e9i kuerz a knackeg gesot, l\u00e9ieren d\u2018Kanner an de W\u00ebllefcher ganz elementar W\u00e4erter kennen: Solidarit\u00e9it, Verantwortung, H\u00ebllefsbereetschaft, Matgefill, Gesch\u00e9cklechkeet, a.s.w.<\/p>\n\n\n\n<p class=\"has-medium-font-size\"><strong>Auerzeiten:<\/strong> Sa. 10:00-12:00<\/p>\n\n\n\n<p class=\"has-medium-font-size\"><strong>Branchenchef:<\/strong> Lisa Reuter<\/p>\n\n\n\n<p class=\"has-medium-font-size\"><strong>Cheffen:<\/strong> Tya Frenay, Kirsch Sam<\/p>\n\n\n\n<p class=\"has-medium-font-size\"><strong>Kontakt:<\/strong> <a href=\"https:\/\/ha02.panel-admin.de:8443\/smb\/email-address\/edit\/id\/82\">wellef-chef@aischener-scouten.eu<\/a><\/p>\n\n\n\n<div class=\"wp-block-group is-nowrap is-layout-flex wp-container-core-group-is-layout-ad2f72ca wp-block-group-is-layout-flex\">\n<figure class=\"wp-block-image size-large is-resized\"><img loading=\"lazy\" decoding=\"async\" width=\"1024\" height=\"1024\" src=\"https:\/\/aischener-scouten.eu\/wp-content\/uploads\/2023\/03\/Wellefcher_rgb-1-1024x1024.png\" alt=\"\" class=\"wp-image-43\" style=\"width:378px;height:378px\" srcset=\"https:\/\/aischener-scouten.eu\/wp-content\/uploads\/2023\/03\/Wellefcher_rgb-1-1024x1024.png 1024w, https:\/\/aischener-scouten.eu\/wp-content\/uploads\/2023\/03\/Wellefcher_rgb-1-300x300.png 300w, https:\/\/aischener-scouten.eu\/wp-content\/uploads\/2023\/03\/Wellefcher_rgb-1-150x150.png 150w, https:\/\/aischener-scouten.eu\/wp-content\/uploads\/2023\/03\/Wellefcher_rgb-1-768x768.png 768w, https:\/\/aischener-scouten.eu\/wp-content\/uploads\/2023\/03\/Wellefcher_rgb-1-1536x1536.png 1536w, https:\/\/aischener-scouten.eu\/wp-content\/uploads\/2023\/03\/Wellefcher_rgb-1-2048x2048.png 2048w, https:\/\/aischener-scouten.eu\/wp-content\/uploads\/2023\/03\/Wellefcher_rgb-1-2000x2000.png 2000w\" sizes=\"auto, (max-width: 1024px) 100vw, 1024px\" \/><\/figure>\n<\/div>\n\n\n\n<p class=\"has-medium-font-size\"><strong>Fotoen:<\/strong><\/p>\n\n\n\n<figure class=\"wp-block-gallery has-nested-images columns-default is-cropped wp-block-gallery-1 is-layout-flex wp-block-gallery-is-layout-flex\">\n<figure class=\"wp-block-image size-large\"><img loading=\"lazy\" decoding=\"async\" width=\"768\" height=\"1024\" data-id=\"160\" src=\"https:\/\/aischener-scouten.eu\/wp-content\/uploads\/2023\/09\/WhatsApp-Bild-2023-05-20-um-13.25.12-768x1024.jpg\" alt=\"\" class=\"wp-image-160\" srcset=\"https:\/\/aischener-scouten.eu\/wp-content\/uploads\/2023\/09\/WhatsApp-Bild-2023-05-20-um-13.25.12-768x1024.jpg 768w, https:\/\/aischener-scouten.eu\/wp-content\/uploads\/2023\/09\/WhatsApp-Bild-2023-05-20-um-13.25.12-225x300.jpg 225w, https:\/\/aischener-scouten.eu\/wp-content\/uploads\/2023\/09\/WhatsApp-Bild-2023-05-20-um-13.25.12-1152x1536.jpg 1152w, https:\/\/aischener-scouten.eu\/wp-content\/uploads\/2023\/09\/WhatsApp-Bild-2023-05-20-um-13.25.12.jpg 1536w\" sizes=\"auto, (max-width: 768px) 100vw, 768px\" \/><\/figure>\n\n\n\n<figure class=\"wp-block-image size-large\"><img loading=\"lazy\" decoding=\"async\" width=\"1024\" height=\"768\" data-id=\"162\" src=\"https:\/\/aischener-scouten.eu\/wp-content\/uploads\/2023\/09\/WhatsApp-Bild-2023-05-22-um-17.59.58-1024x768.jpg\" alt=\"\" class=\"wp-image-162\" srcset=\"https:\/\/aischener-scouten.eu\/wp-content\/uploads\/2023\/09\/WhatsApp-Bild-2023-05-22-um-17.59.58-1024x768.jpg 1024w, https:\/\/aischener-scouten.eu\/wp-content\/uploads\/2023\/09\/WhatsApp-Bild-2023-05-22-um-17.59.58-300x225.jpg 300w, https:\/\/aischener-scouten.eu\/wp-content\/uploads\/2023\/09\/WhatsApp-Bild-2023-05-22-um-17.59.58-768x576.jpg 768w, https:\/\/aischener-scouten.eu\/wp-content\/uploads\/2023\/09\/WhatsApp-Bild-2023-05-22-um-17.59.58-1536x1152.jpg 1536w, https:\/\/aischener-scouten.eu\/wp-content\/uploads\/2023\/09\/WhatsApp-Bild-2023-05-22-um-17.59.58.jpg 1600w\" sizes=\"auto, (max-width: 1024px) 100vw, 1024px\" \/><\/figure>\n\n\n\n<figure class=\"wp-block-image size-large\"><img loading=\"lazy\" decoding=\"async\" width=\"768\" height=\"1024\" data-id=\"159\" src=\"https:\/\/aischener-scouten.eu\/wp-content\/uploads\/2023\/09\/WhatsApp-Bild-2023-05-22-um-18.00.08-768x1024.jpg\" alt=\"\" class=\"wp-image-159\" srcset=\"https:\/\/aischener-scouten.eu\/wp-content\/uploads\/2023\/09\/WhatsApp-Bild-2023-05-22-um-18.00.08-768x1024.jpg 768w, https:\/\/aischener-scouten.eu\/wp-content\/uploads\/2023\/09\/WhatsApp-Bild-2023-05-22-um-18.00.08-225x300.jpg 225w, https:\/\/aischener-scouten.eu\/wp-content\/uploads\/2023\/09\/WhatsApp-Bild-2023-05-22-um-18.00.08-1152x1536.jpg 1152w, https:\/\/aischener-scouten.eu\/wp-content\/uploads\/2023\/09\/WhatsApp-Bild-2023-05-22-um-18.00.08.jpg 1200w\" sizes=\"auto, (max-width: 768px) 100vw, 768px\" \/><\/figure>\n\n\n\n<figure class=\"wp-block-image size-large\"><img loading=\"lazy\" decoding=\"async\" width=\"1024\" height=\"768\" data-id=\"161\" src=\"https:\/\/aischener-scouten.eu\/wp-content\/uploads\/2023\/09\/WhatsApp-Bild-2023-05-22-um-18.00.23-1024x768.jpg\" alt=\"\" class=\"wp-image-161\" srcset=\"https:\/\/aischener-scouten.eu\/wp-content\/uploads\/2023\/09\/WhatsApp-Bild-2023-05-22-um-18.00.23-1024x768.jpg 1024w, https:\/\/aischener-scouten.eu\/wp-content\/uploads\/2023\/09\/WhatsApp-Bild-2023-05-22-um-18.00.23-300x225.jpg 300w, https:\/\/aischener-scouten.eu\/wp-content\/uploads\/2023\/09\/WhatsApp-Bild-2023-05-22-um-18.00.23-768x576.jpg 768w, https:\/\/aischener-scouten.eu\/wp-content\/uploads\/2023\/09\/WhatsApp-Bild-2023-05-22-um-18.00.23-1536x1152.jpg 1536w, https:\/\/aischener-scouten.eu\/wp-content\/uploads\/2023\/09\/WhatsApp-Bild-2023-05-22-um-18.00.23.jpg 1600w\" sizes=\"auto, (max-width: 1024px) 100vw, 1024px\" \/><\/figure>\n<\/figure>\n","protected":false},"excerpt":{"rendered":"<p>Iwwert W\u00ebllefcher: Si entdecken, fuerschen, l\u00e9ieren, schl\u00e9isse Fr\u00ebndschaften,\u2026.an dat alles bei eis an de Versammlungen. Mir maachen allerhand interessant Aktivit\u00e9iten, ginn zesummen op Sortien an op 2-3 Weekender. Den H\u00e9ichpunkt vum Scoutsjoer ass de Summercamp; dat ass \u00ebmmer e super Erliefnis. Do schlofe mir 4 Nuechten hei am Land an engem flotte Chalet. Nach m\u00e9i &hellip; <\/p>\n<p class=\"link-more\"><a href=\"https:\/\/aischener-scouten.eu\/?page_id=62\" class=\"more-link\">Mehr <span class=\"screen-reader-text\">\u00fcber &#8222;W\u00ebllefcher&#8220; <\/span>Lesen<\/a><\/p>\n","protected":false},"author":1,"featured_media":0,"parent":0,"menu_order":0,"comment_status":"closed","ping_status":"closed","template":"","meta":{"footnotes":""},"class_list":["post-62","page","type-page","status-publish","hentry"],"_links":{"self":[{"href":"https:\/\/aischener-scouten.eu\/index.php?rest_route=\/wp\/v2\/pages\/62","targetHints":{"allow":["GET"]}}],"collection":[{"href":"https:\/\/aischener-scouten.eu\/index.php?rest_route=\/wp\/v2\/pages"}],"about":[{"href":"https:\/\/aischener-scouten.eu\/index.php?rest_route=\/wp\/v2\/types\/page"}],"author":[{"embeddable":true,"href":"https:\/\/aischener-scouten.eu\/index.php?rest_route=\/wp\/v2\/users\/1"}],"replies":[{"embeddable":true,"href":"https:\/\/aischener-scouten.eu\/index.php?rest_route=%2Fwp%2Fv2%2Fcomments&post=62"}],"version-history":[{"count":10,"href":"https:\/\/aischener-scouten.eu\/index.php?rest_route=\/wp\/v2\/pages\/62\/revisions"}],"predecessor-version":[{"id":272,"href":"https:\/\/aischener-scouten.eu\/index.php?rest_route=\/wp\/v2\/pages\/62\/revisions\/272"}],"wp:attachment":[{"href":"https:\/\/aischener-scouten.eu\/index.php?rest_route=%2Fwp%2Fv2%2Fmedia&parent=62"}],"curies":[{"name":"wp","href":"https:\/\/api.w.org\/{rel}","templated":true}]}}