{"id":192,"date":"2023-09-06T13:33:33","date_gmt":"2023-09-06T13:33:33","guid":{"rendered":"https:\/\/aischener-scouten.eu\/?page_id=192"},"modified":"2023-09-08T11:51:26","modified_gmt":"2023-09-08T11:51:26","slug":"veraeinschronik","status":"publish","type":"page","link":"https:\/\/aischener-scouten.eu\/?page_id=192","title":{"rendered":"Ver\u00e4inschronik"},"content":{"rendered":"\n<p class=\"has-large-font-size\"><strong>1934<\/strong><\/p>\n\n\n\n<p class=\"has-medium-font-size\">Et&nbsp;wo den 1. Januar 1934 wei 22 Jongen de Grondsteen fir eise Ver\u00e4i geluecht hunn.&nbsp;H\u00ebllef&nbsp;dob\u00e4i&nbsp;kruten&nbsp;si vum deemolege Paschtouer Kipgen. Hien huet sech wei e&nbsp;Papp em den jonken&nbsp;Scoutsgrupp gek\u00ebmmert, sief et&nbsp;mat gudde reit, sief et wann finanziell&nbsp; Schwieregkeeten opgetraff sinn. Et&nbsp;wo hien den seng Stuff a&nbsp;sp\u00e9ider&nbsp;s\u00e4in Keller als&nbsp;\u00e9ischt Versammlungslokaler zu Verf\u00fcgung gestallt huet wei och den den&nbsp;d\u00ebnn&nbsp;\u00e9ischten Ver\u00e4in- a&nbsp;Lagerfeier kaaft huet.<\/p>\n\n\n\n<p class=\"has-medium-font-size\">Am Mee&nbsp;wo et den&nbsp;\u00e9ischten Camping an der Gi\u00ebcher, zesumme mat den&nbsp;P\u00e9itenger an Escher Scouten.<\/p>\n\n\n\n<p class=\"has-large-font-size\"><strong>1935<\/strong><\/p>\n\n\n\n<p class=\"has-medium-font-size\">Dass de Scoutismus d&#8217;Jugend&nbsp;begeeschtert huet, beweist, dass d&#8217;Memberszuel&nbsp;scho vun 22 ob 37&nbsp;geklommen ass.&nbsp;Fr\u00ebndschafte si geschloss ginn mat aneren Gruppen aus dem Land, an \u00c4ische war op all&nbsp;Reunioun vum Verband vertrueden. Et war och an deem Joer am Abr\u00ebll wei ee W\u00ebllefchers-Ruddel, mat 30 Jonge gegr\u00ebnnt gouf.<\/p>\n\n\n\n<p class=\"has-medium-font-size\">Fir d&#8217;Keess opzebesseren&nbsp;ass och&nbsp;Theater gespillt gi, an am Mee deen \u00e9ischte Camping \u00ebnner eegenen Zelter ofgehale gi<strong>.<\/strong><\/p>\n\n\n\n<p class=\"has-large-font-size\"><strong>1936<\/strong><\/p>\n\n\n\n<p class=\"has-medium-font-size\">An d\u00ebsem Joer gouf eng Sports\u00e9quipe opgestallt. Zu dem Zweck ass fir d&#8217;Dauer vu 6 Joer ee Basketballfeld am Duerf gelount a vun de Memberen an d&#8217;Rei bruecht gin. D&#8217;Sportsequippe huet ennert anerem op engem Fest zu B\u00e9iwen un der Atert deen \u00e9ischte Pr\u00e4is kritt.<\/p>\n\n\n\n<p class=\"has-large-font-size\"><strong>1937<\/strong><\/p>\n\n\n\n<p class=\"has-medium-font-size\">D&#8217;Memberszuel war liicht zr\u00e9ck gaangen a zwar ob 28 Scouten an 31 W\u00ebllefcher war et am Juli d\u00e9i \u00e9ischt Bedeelegung um National-Rallye zu Sch\u00ebffleng<\/p>\n\n\n\n<p class=\"has-large-font-size\"><strong>1938<\/strong><\/p>\n\n\n\n<p class=\"has-medium-font-size\">Duerch den Asaz vun de&nbsp;Cheffen an der Math\u00ebllef vun de Jonge war vill geleescht gi, an als Unerkennung gouf dem \u00c4ischener Ruddel vum Verband&nbsp;\u00c9iere&nbsp;Mast&nbsp;fir ee Joer iwwerreecht.<\/p>\n\n\n\n<p class=\"has-medium-font-size\">Am August huet eng Delegatioun vun de Scouten um Jamboree zu Esch deelgeholl<\/p>\n\n\n\n<p class=\"has-large-font-size\"><strong>1939<\/strong><\/p>\n\n\n\n<p class=\"has-medium-font-size\">Ee Joer voll&nbsp;Aktivit\u00e9it fir den Trupp. D&#8217;Memberszuel ass er\u00ebm ob 31 Scouten a 35 W\u00ebllefcher gewuess.<\/p>\n\n\n\n<p class=\"has-medium-font-size\">Den 30. Abr\u00ebll&nbsp;ass eng Reunioun vun de Cheftainen a Chef vun de W\u00ebllefcher aus dem ganze Land zu \u00c4ischen als Virbereedung ob de Rallye&nbsp;ofgehale ginn.<\/p>\n\n\n\n<p class=\"has-medium-font-size\">Den 25. Juni: National-Rallye zu \u00c4ischen. 400 Cheftainen, Chef a W\u00ebllefcher hu matgemaach beim grousse Ritterspill zu Clairefontaine.<\/p>\n\n\n\n<p class=\"has-medium-font-size\">Den 23.Juni: Onofh\u00e4ngegkeetsfeier. Och eis Trupp war mat engem Won deen eng Buerg duergestallt huet um \u00cbmzuch bedeelegt.<\/p>\n\n\n\n<p class=\"has-large-font-size\"><strong>1940-44<\/strong><\/p>\n\n\n\n<p class=\"has-medium-font-size\">Trotz der&nbsp;Ons\u00e9cherheet duerch den 2. Welt&nbsp;Krich waren am Ufank vum Joer&nbsp;reegelm\u00e9isseg Versammlungen, och nach iwwert den 10. Mee ewech. Am August&nbsp;ass de Grupp zwangsopg\u00e9leist ginn. an et gouf gerett wat ze retten war.&nbsp;Besonnesch als Jugendver\u00e4in&nbsp;ass eis Trupp&nbsp;schw\u00e9ier getraff gi. Vill vun de Jongen&nbsp;sinn hirer Devise &#8222;der&nbsp;Heemecht ze d\u00e9ngen&#8220; trei bliwwen an&nbsp;hunn an der Resistenz viru geschafft. Aner&nbsp;hunn&nbsp;hiert Versprieche bis an den Doud h\u00e9ich gehalen.&nbsp;W\u00e4rend d\u00ebser ongl\u00e9cklecher Z\u00e4it&nbsp;hu mir 10 vun eise Jongen verluer. Sie sollen eis ee Virbild bleiwen, a mir w\u00eblle si an d\u00e9iwer Er\u00ebnnerung behalen.<\/p>\n\n\n\n<p class=\"has-large-font-size\"><strong>1944<\/strong><\/p>\n\n\n\n<p class=\"has-medium-font-size\">Gl\u00e4ich no der Liberatioun hunn och er\u00ebm Scoutsaktivit\u00e9iten ugefaange. Schonn am Oktober sinn d\u00e9i \u00e9ischt Versammlungen ofgehale gi. De Scoutsgeescht war ongebrach, a gl\u00e4ich zu Ufank huet de Grupp 29 Member gezielt. Zwar si w\u00e4rend der Ardennen-Offensive d&#8217;Aktivit\u00e9iten er\u00ebm e w\u00e9ineg m\u00e9i lues virugaangen, mee<\/p>\n\n\n\n<p class=\"has-large-font-size\"><strong>1945<\/strong><\/p>\n\n\n\n<p class=\"has-medium-font-size\">sollt dann \u00ebrem een definitiven Ufank gemaach gin. Am August war dem \u00e9ischte Camping zu K\u00e4erch, a fir d&#8217;Finanzen opzebessere gouf am November Theater gespillt.<\/p>\n\n\n\n<p class=\"has-large-font-size\"><strong>1946<\/strong><\/p>\n\n\n\n<p class=\"has-medium-font-size\">D&#8217;Aktivit\u00e9iten hunn n\u00ebmmen lues a lues er\u00ebm ugefaangen, well et an deem Ablack u Chef gefeelt huet. Verschidde Jongen hun d&#8217;Chef-Formatioun matgemaach. De 24 M\u00e4erz hate mir eng Gedenkmass fir eis am Krich verstuerwe Scoutsbridder.<\/p>\n\n\n\n<p class=\"has-large-font-size\"><strong>1947<\/strong><\/p>\n\n\n\n<p class=\"has-medium-font-size\">Op Grond vu enger gudder Finanzsituatioun konnten am Abr\u00ebll nei Zelter an e F\u00e4ndel ugeschaaft gin. Am August hu v\u00e9ier Member um internationale Jamboree zu Moisson b\u00e4i Par\u00e4is deelgeholl.<\/p>\n\n\n\n<p class=\"has-large-font-size\"><strong>1948<\/strong> <\/p>\n\n\n\n<p class=\"has-medium-font-size\">Vum 26. Juli bis 4. August waren 3 Scouten um Jamboree zu Bouneweg derb\u00e4i. Uschl\u00e9issend waren \u00e9isterr\u00e4icher Scouten 8 Deg a Scoutsfamiljen zu \u00c4ischen an Habscht \u00ebnnerbruecht.<\/p>\n\n\n\n<p class=\"has-medium-font-size\">Den 28. November war nach eemol eng Versammlung vun der W\u00ebllefchersbranche aus dem S\u00fcde bei eis.<\/p>\n\n\n\n<p class=\"has-large-font-size\"><strong>1949<\/strong><\/p>\n\n\n\n<p class=\"has-medium-font-size\">Am Mee, an zwar vum 6. bis den 12. , hun d&#8217;Rover an der Schw\u00e4iz ee Wandercamp ofgehalen. Am Oktober hu mir dann eng Biblioth\u00e9ik opgemaach, woujidderee fir ee klenge Betrag konnt Bicher ausl\u00e9inen. D&#8217;H\u00ebllef vumAum\u00f4nier Kipgen huet net w\u00e9ineg zu d\u00ebser Entreprise b\u00e4igefroen.<\/p>\n\n\n\n<p class=\"has-large-font-size\"><strong>1950<\/strong><\/p>\n\n\n\n<p class=\"has-medium-font-size\">Vum 16. bis 23. Juli haten 8 Rover ee Camp volant mat de Velo\u00ebn durch Holland.<\/p>\n\n\n\n<p class=\"has-large-font-size\"><strong>1951<\/strong><\/p>\n\n\n\n<p class=\"has-medium-font-size\">Den 10. Mee &#8211; Doud vum Aum\u00f4nier Kipgen, dem Matgr\u00ebnner vum Ver\u00e4in, deem mir fir all H\u00ebllef a Rot e grousse Merci so\u00ebn. Bei der Installatioun vum neien Aum\u00f4nier Gricius, den 2. September waren eis M\u00eamberen gl\u00e4ich bei Hand fir matzeh\u00ebllefen. Fir ee Monument, fir dei Jongen, d\u00e9i am Krich gefall sin, k\u00ebnnen opzeriichten, an duerfir d\u00e9i n\u00e9ideg Su\u00ebn zusummenzekr\u00e9ien, haten d&#8217;Duerfver\u00e4iner beschloss Theater ze spillen. Och hei hun 3 vun eise Member aktiv matgehollef. D\u00e9i \u00f6ischt Virstellung war op Kr\u00ebschtdag.<\/p>\n\n\n\n<p class=\"has-large-font-size\"><strong>1952<\/strong><\/p>\n\n\n\n<p class=\"has-medium-font-size\">De 25. Mee, Bedeelegung vun eiser Sektioun bei der Aweiung vum Monument. Op Wonsch vu verschidee Member gouf een 2. Wandercamp an der Schw\u00e4iz gemaach.<\/p>\n\n\n\n<p class=\"has-large-font-size\"><strong>1953<\/strong><\/p>\n\n\n\n<p class=\"has-medium-font-size\">Mat vill M\u00e9i a K\u00e4schten hu mir d&#8217;Theaterst\u00e9ck &#8222;Die Kammerzofe Robespierre&#8217;s&#8220; gespillt. De Succ\u00e8s war esou grouss, dass mir bei deenen 2 Opf\u00e9ierungen de Sall struppvoll haten.<\/p>\n\n\n\n<p class=\"has-large-font-size\"><strong>1954<\/strong><\/p>\n\n\n\n<p class=\"has-medium-font-size\">Vum 27. bis den 30. Juni hun d&#8217;Rover and d&#8217;Chef mat hiren Fraen eng Rees mam Bus an d&#8217;Schw\u00e4iz gemaach.<\/p>\n\n\n\n<p class=\"has-large-font-size\"><strong>1955<\/strong><\/p>\n\n\n\n<p class=\"has-medium-font-size\">Well kee Camp gehale gouf, war et een Tour mat de Scoutselteren op Bitburg an Tr\u00e9ier, wou mir d&#8217;G\u00e4ertnerei Lambert besicht hun.<\/p>\n\n\n\n<p class=\"has-large-font-size\"><strong>1956<\/strong><\/p>\n\n\n\n<p class=\"has-medium-font-size\">Wann n\u00ebt emmer op d&#8217;Scoutsaktivi\u00e9iten higewise g\u00ebt, sou si si dach awer nit zum kiertze komm. An dessem Joer ass och kee Camp gehale gin.<\/p>\n\n\n\n<p class=\"has-large-font-size\"><strong>1957<\/strong><\/p>\n\n\n\n<p class=\"has-medium-font-size\">Am August war er\u00ebm ee Camp an engem Blockhaus vun de Wolzer Scouten.<\/p>\n\n\n\n<p class=\"has-large-font-size\"><strong>1958<\/strong><\/p>\n\n\n\n<p class=\"has-medium-font-size\">De 27 Juli gouf et een Tour ob Verdun mat Besichtigung vun der Emg\u00e9igend.<\/p>\n\n\n\n<p class=\"has-large-font-size\"><strong>1959<\/strong><\/p>\n\n\n\n<p class=\"has-medium-font-size\">Ouni vill Opwand as de 25. Gebuertsdag an der Trupp gefeiert gin. Des weidere waren d&#8217;Scouten un der Renov\u00e9ierung vun der Renterter Kapell bedeelegt. Vum 16. bis de 24 August haten d&#8217;Rover e Camp volant an der Schw\u00e4iz<\/p>\n\n\n\n<p class=\"has-large-font-size\"><strong>1964-65<\/strong><\/p>\n\n\n\n<p class=\"has-medium-font-size\">Eisen \u00e9ischte Chalet g\u00ebtt gebaut an ageweit ginn den eis bis an 2010er Joren trei dengschter gel\u00ebscht huet. Um Chalet gouf den 1. an den 2. Mai en \u00e9ischten Weekend gemaach. Versammlungen goufen no Vollendung vum Chalet reem reegelm\u00e9isseg gemaach.<\/p>\n\n\n\n<p class=\"has-large-font-size\"><strong>1984<\/strong><\/p>\n\n\n\n<p class=\"has-medium-font-size\">\u00c4ischener Scouten feieren 50 Joer, zu d\u00ebsem Ulass geet e kleng bischelchen iwwert \u00c4ischener Scouten rausbruecht.<\/p>\n\n\n\n<p class=\"has-large-font-size\"><strong>2005<\/strong><\/p>\n\n\n\n<p class=\"has-medium-font-size\">war en moert Joer vir eisen Grupp well en nach zu 4 Pio an 1 Chef bestanen huet. Den Courage an d\u2019Motivatioun vun deen Jongen di duerch Duerf gezunn sinn fir \u201eal Chef\u201c sichen ze goen an den Scoutsgrupp er\u00ebm opzebauen huet dozou gefouert dat 2007 den Grupp r\u00ebm mat all branch vertrueden war.<\/p>\n\n\n\n<p class=\"has-large-font-size\"><strong>2017<\/strong><\/p>\n\n\n\n<p class=\"has-medium-font-size\">\u00c4ischener Scouten ginn ob den GoUrban, engem internationalen Scouten camp um Kierchbierg an der Stad.<\/p>\n\n\n\n<p class=\"has-large-font-size\"><strong>2018<\/strong><\/p>\n\n\n\n<p class=\"has-medium-font-size\">Deen eis s\u00e4it 1964 dengenden Chalet g\u00ebtt no 54 Joer ersat an Aarbechten fir en neien Chalet ginn an d&#8217;Wee\u00ebr geleet<\/p>\n\n\n\n<p class=\"has-large-font-size\"><strong>2020<\/strong><\/p>\n\n\n\n<p class=\"has-medium-font-size\">Duerch den Ausbroch vun Covid an den do duerch result\u00e9ierenden Lockdown goufen et fir eng kuerz z\u00e9it keng reegelm\u00e9isseg Versammlungen m\u00e4i. Mais ganz no der Devise: &#8222;\u00cbmmer bereet&#8220; sinn eis Scouten fir Eller leit fir d\u00e9i Corona Krankheet m\u00e4i gef\u00e9ierlech ass Ak\u00e4ff maachen gaangen.<\/p>\n\n\n\n<p class=\"has-large-font-size\"><strong>2021<\/strong><\/p>\n\n\n\n<p class=\"has-medium-font-size\">Den aller \u00e9ischten Buergbrennen Livestream f\u00ebnnt statt fir trotz der Kontakt Beschr\u00e4nkung der Traditioun trei ze bleiwen. Den neien Chalet ass f\u00e4erdeg gebaut.<\/p>\n\n\n\n<p class=\"has-large-font-size\"><strong>2023<\/strong><\/p>\n\n\n\n<p class=\"has-medium-font-size\">Um 11 M\u00e4erz gouf dunn eisen neien Chalet an uwiesenheet vun der gemeng an aneren Scouten aus dem ganzen Land vum Verband duerch duerchtrennen vun engem seel mat enger Aaxt ageweit.<\/p>\n\n\n\n<p><\/p>\n","protected":false},"excerpt":{"rendered":"<p>1934 Et&nbsp;wo den 1. Januar 1934 wei 22 Jongen de Grondsteen fir eise Ver\u00e4i geluecht hunn.&nbsp;H\u00ebllef&nbsp;dob\u00e4i&nbsp;kruten&nbsp;si vum deemolege Paschtouer Kipgen. Hien huet sech wei e&nbsp;Papp em den jonken&nbsp;Scoutsgrupp gek\u00ebmmert, sief et&nbsp;mat gudde reit, sief et wann finanziell&nbsp; Schwieregkeeten opgetraff sinn. Et&nbsp;wo hien den seng Stuff a&nbsp;sp\u00e9ider&nbsp;s\u00e4in Keller als&nbsp;\u00e9ischt Versammlungslokaler zu Verf\u00fcgung gestallt huet wei och &hellip; <\/p>\n<p class=\"link-more\"><a href=\"https:\/\/aischener-scouten.eu\/?page_id=192\" class=\"more-link\">Mehr <span class=\"screen-reader-text\">\u00fcber &#8222;Ver\u00e4inschronik&#8220; <\/span>Lesen<\/a><\/p>\n","protected":false},"author":1,"featured_media":0,"parent":0,"menu_order":0,"comment_status":"closed","ping_status":"closed","template":"","meta":{"footnotes":""},"class_list":["post-192","page","type-page","status-publish","hentry"],"_links":{"self":[{"href":"https:\/\/aischener-scouten.eu\/index.php?rest_route=\/wp\/v2\/pages\/192","targetHints":{"allow":["GET"]}}],"collection":[{"href":"https:\/\/aischener-scouten.eu\/index.php?rest_route=\/wp\/v2\/pages"}],"about":[{"href":"https:\/\/aischener-scouten.eu\/index.php?rest_route=\/wp\/v2\/types\/page"}],"author":[{"embeddable":true,"href":"https:\/\/aischener-scouten.eu\/index.php?rest_route=\/wp\/v2\/users\/1"}],"replies":[{"embeddable":true,"href":"https:\/\/aischener-scouten.eu\/index.php?rest_route=%2Fwp%2Fv2%2Fcomments&post=192"}],"version-history":[{"count":7,"href":"https:\/\/aischener-scouten.eu\/index.php?rest_route=\/wp\/v2\/pages\/192\/revisions"}],"predecessor-version":[{"id":211,"href":"https:\/\/aischener-scouten.eu\/index.php?rest_route=\/wp\/v2\/pages\/192\/revisions\/211"}],"wp:attachment":[{"href":"https:\/\/aischener-scouten.eu\/index.php?rest_route=%2Fwp%2Fv2%2Fmedia&parent=192"}],"curies":[{"name":"wp","href":"https:\/\/api.w.org\/{rel}","templated":true}]}}