{"id":184,"date":"2023-09-05T08:44:25","date_gmt":"2023-09-05T08:44:25","guid":{"rendered":"https:\/\/www.aischener-scouten.eu\/?page_id=184"},"modified":"2023-09-05T08:46:08","modified_gmt":"2023-09-05T08:46:08","slug":"fiche-medicale-3","status":"publish","type":"page","link":"https:\/\/aischener-scouten.eu\/?page_id=184","title":{"rendered":"Fiche M\u00e9dicale"},"content":{"rendered":"\n<p class=\"has-medium-font-size\"><strong>Fiche M\u00e9dicale auf Deutsch f\u00fcr Personen <em>unter<\/em> 18 Jahren<\/strong><\/p>\n\n\n\n<div data-wp-interactive=\"core\/file\" class=\"wp-block-file\"><object data-wp-bind--hidden=\"!state.hasPdfPreview\" hidden class=\"wp-block-file__embed\" data=\"https:\/\/aischener-scouten.eu\/wp-content\/uploads\/2023\/09\/Fiche_Medicale_-18_DE2021-2.pdf\" type=\"application\/pdf\" style=\"width:100%;height:230px\" aria-label=\"Einbettung von Fiche_Medicale_-18_DE2021-2.\"><\/object><a id=\"wp-block-file--media-bcafb178-b525-4651-831b-4bc61a7d6c95\" href=\"https:\/\/aischener-scouten.eu\/wp-content\/uploads\/2023\/09\/Fiche_Medicale_-18_DE2021-2.pdf\">Fiche_Medicale_-18_DE2021-2<\/a><a href=\"https:\/\/aischener-scouten.eu\/wp-content\/uploads\/2023\/09\/Fiche_Medicale_-18_DE2021-2.pdf\" class=\"wp-block-file__button wp-element-button\" download aria-describedby=\"wp-block-file--media-bcafb178-b525-4651-831b-4bc61a7d6c95\">Herunterladen<\/a><\/div>\n\n\n\n<p class=\"has-medium-font-size\"><\/p>\n\n\n\n<p class=\"has-medium-font-size\"><strong>Fiche M\u00e9dicale in English for people <em>under<\/em> the age of 18 years<\/strong><\/p>\n\n\n\n<div data-wp-interactive=\"core\/file\" class=\"wp-block-file\"><object data-wp-bind--hidden=\"!state.hasPdfPreview\" hidden class=\"wp-block-file__embed\" data=\"https:\/\/aischener-scouten.eu\/wp-content\/uploads\/2023\/09\/Fiche_Medicale_-18_EN2021-2.pdf\" type=\"application\/pdf\" style=\"width:100%;height:220px\" aria-label=\"Einbettung von Fiche_Medicale_-18_EN2021-2.\"><\/object><a id=\"wp-block-file--media-4297b47f-ff49-4d17-b70f-46c3b3b95360\" href=\"https:\/\/aischener-scouten.eu\/wp-content\/uploads\/2023\/09\/Fiche_Medicale_-18_EN2021-2.pdf\">Fiche_Medicale_-18_EN2021-2<\/a><a href=\"https:\/\/aischener-scouten.eu\/wp-content\/uploads\/2023\/09\/Fiche_Medicale_-18_EN2021-2.pdf\" class=\"wp-block-file__button wp-element-button\" download aria-describedby=\"wp-block-file--media-4297b47f-ff49-4d17-b70f-46c3b3b95360\">Herunterladen<\/a><\/div>\n\n\n\n<p><\/p>\n","protected":false},"excerpt":{"rendered":"<p>Fiche M\u00e9dicale auf Deutsch f\u00fcr Personen unter 18 Jahren Fiche M\u00e9dicale in English for people under the age of 18 years<\/p>\n","protected":false},"author":1,"featured_media":0,"parent":0,"menu_order":0,"comment_status":"closed","ping_status":"closed","template":"","meta":{"footnotes":""},"class_list":["post-184","page","type-page","status-publish","hentry"],"_links":{"self":[{"href":"https:\/\/aischener-scouten.eu\/index.php?rest_route=\/wp\/v2\/pages\/184","targetHints":{"allow":["GET"]}}],"collection":[{"href":"https:\/\/aischener-scouten.eu\/index.php?rest_route=\/wp\/v2\/pages"}],"about":[{"href":"https:\/\/aischener-scouten.eu\/index.php?rest_route=\/wp\/v2\/types\/page"}],"author":[{"embeddable":true,"href":"https:\/\/aischener-scouten.eu\/index.php?rest_route=\/wp\/v2\/users\/1"}],"replies":[{"embeddable":true,"href":"https:\/\/aischener-scouten.eu\/index.php?rest_route=%2Fwp%2Fv2%2Fcomments&post=184"}],"version-history":[{"count":2,"href":"https:\/\/aischener-scouten.eu\/index.php?rest_route=\/wp\/v2\/pages\/184\/revisions"}],"predecessor-version":[{"id":189,"href":"https:\/\/aischener-scouten.eu\/index.php?rest_route=\/wp\/v2\/pages\/184\/revisions\/189"}],"wp:attachment":[{"href":"https:\/\/aischener-scouten.eu\/index.php?rest_route=%2Fwp%2Fv2%2Fmedia&parent=184"}],"curies":[{"name":"wp","href":"https:\/\/api.w.org\/{rel}","templated":true}]}}