{"id":127,"date":"2023-09-03T20:37:27","date_gmt":"2023-09-03T20:37:27","guid":{"rendered":"https:\/\/aischener-scouten.eu\/?page_id=127"},"modified":"2025-09-17T09:51:41","modified_gmt":"2025-09-17T09:51:41","slug":"albatrossen","status":"publish","type":"page","link":"https:\/\/aischener-scouten.eu\/?page_id=127","title":{"rendered":"Albatrossen"},"content":{"rendered":"\n<p><strong>Iwwert Albatrossen:<\/strong> Bei den Albatrossen handelt et sech em Leit, d\u00e9i m\u00e9i al w\u00e9i 23 Joer sinn an awer nach bei den LGS aktiv mat maache w\u00ebllen. Si sinn Member vum Grupp an \u00ebnnerscheeden sech dofir och vun enger Amicale, Gilde o.\u00e4.. D\u00e9i RaRo, d\u00e9i am Laaf vum leschten Scoutsjoer 23 Joer aal ginn sinn, kennen am neien Scoutsjoer Member vun den Albatrossen ginn.<\/p>\n\n\n\n<p><strong>Alter:<\/strong> 23-99 Joer<\/p>\n\n\n\n<p><\/p>\n\n\n\n<p><strong>Kontakt:<\/strong> <a href=\"https:\/\/ha02.panel-admin.de:8443\/smb\/email-address\/edit\/id\/82\">albatross-chef@aischener-scouten.eu<\/a><\/p>\n\n\n\n<figure class=\"wp-block-image size-full is-resized\"><img loading=\"lazy\" decoding=\"async\" width=\"500\" height=\"500\" src=\"https:\/\/aischener-scouten.eu\/wp-content\/uploads\/2023\/06\/Albatrossen_cmyk-removebg-preview-2.png\" alt=\"\" class=\"wp-image-129\" style=\"width:334px;height:334px\" srcset=\"https:\/\/aischener-scouten.eu\/wp-content\/uploads\/2023\/06\/Albatrossen_cmyk-removebg-preview-2.png 500w, https:\/\/aischener-scouten.eu\/wp-content\/uploads\/2023\/06\/Albatrossen_cmyk-removebg-preview-2-300x300.png 300w, https:\/\/aischener-scouten.eu\/wp-content\/uploads\/2023\/06\/Albatrossen_cmyk-removebg-preview-2-150x150.png 150w\" sizes=\"auto, (max-width: 500px) 100vw, 500px\" \/><\/figure>\n","protected":false},"excerpt":{"rendered":"<p>Iwwert Albatrossen: Bei den Albatrossen handelt et sech em Leit, d\u00e9i m\u00e9i al w\u00e9i 23 Joer sinn an awer nach bei den LGS aktiv mat maache w\u00ebllen. Si sinn Member vum Grupp an \u00ebnnerscheeden sech dofir och vun enger Amicale, Gilde o.\u00e4.. D\u00e9i RaRo, d\u00e9i am Laaf vum leschten Scoutsjoer 23 Joer aal ginn sinn, &hellip; <\/p>\n<p class=\"link-more\"><a href=\"https:\/\/aischener-scouten.eu\/?page_id=127\" class=\"more-link\">Mehr <span class=\"screen-reader-text\">\u00fcber &#8222;Albatrossen&#8220; <\/span>Lesen<\/a><\/p>\n","protected":false},"author":1,"featured_media":0,"parent":0,"menu_order":0,"comment_status":"closed","ping_status":"closed","template":"","meta":{"footnotes":""},"class_list":["post-127","page","type-page","status-publish","hentry"],"_links":{"self":[{"href":"https:\/\/aischener-scouten.eu\/index.php?rest_route=\/wp\/v2\/pages\/127","targetHints":{"allow":["GET"]}}],"collection":[{"href":"https:\/\/aischener-scouten.eu\/index.php?rest_route=\/wp\/v2\/pages"}],"about":[{"href":"https:\/\/aischener-scouten.eu\/index.php?rest_route=\/wp\/v2\/types\/page"}],"author":[{"embeddable":true,"href":"https:\/\/aischener-scouten.eu\/index.php?rest_route=\/wp\/v2\/users\/1"}],"replies":[{"embeddable":true,"href":"https:\/\/aischener-scouten.eu\/index.php?rest_route=%2Fwp%2Fv2%2Fcomments&post=127"}],"version-history":[{"count":4,"href":"https:\/\/aischener-scouten.eu\/index.php?rest_route=\/wp\/v2\/pages\/127\/revisions"}],"predecessor-version":[{"id":273,"href":"https:\/\/aischener-scouten.eu\/index.php?rest_route=\/wp\/v2\/pages\/127\/revisions\/273"}],"wp:attachment":[{"href":"https:\/\/aischener-scouten.eu\/index.php?rest_route=%2Fwp%2Fv2%2Fmedia&parent=127"}],"curies":[{"name":"wp","href":"https:\/\/api.w.org\/{rel}","templated":true}]}}